{"id":148,"date":"2022-06-15T16:40:05","date_gmt":"2022-06-15T16:40:05","guid":{"rendered":"https:\/\/fischbach-sports.de\/kontakt-2\/"},"modified":"2023-03-03T12:31:09","modified_gmt":"2023-03-03T12:31:09","slug":"kontakt","status":"publish","type":"page","link":"https:\/\/fischbach-sports.de\/en\/kontakt\/","title":{"rendered":"Contact"},"content":{"rendered":"<div data-elementor-type=\"wp-page\" data-elementor-id=\"148\" class=\"elementor elementor-148\">\n\t\t\t\t\t\t\t\t\t<section class=\"elementor-section elementor-top-section elementor-element elementor-element-76feba89 elementor-section-boxed elementor-section-height-default elementor-section-height-default\" data-id=\"76feba89\" data-element_type=\"section\">\n\t\t\t\t\t\t<div class=\"elementor-container elementor-column-gap-default\">\n\t\t\t\t\t<div class=\"elementor-column elementor-col-100 elementor-top-column elementor-element elementor-element-19acae94\" data-id=\"19acae94\" data-element_type=\"column\" data-settings=\"{&quot;background_background&quot;:&quot;classic&quot;}\">\n\t\t\t<div class=\"elementor-widget-wrap elementor-element-populated\">\n\t\t\t\t\t\t\t\t<section class=\"elementor-section elementor-inner-section elementor-element elementor-element-6480db95 elementor-section-full_width elementor-reverse-mobile elementor-section-height-default elementor-section-height-default\" data-id=\"6480db95\" data-element_type=\"section\">\n\t\t\t\t\t\t<div class=\"elementor-container elementor-column-gap-no\">\n\t\t\t\t\t<div class=\"elementor-column elementor-col-50 elementor-inner-column elementor-element elementor-element-48b798dd\" data-id=\"48b798dd\" data-element_type=\"column\" data-settings=\"{&quot;background_background&quot;:&quot;classic&quot;}\">\n\t\t\t<div class=\"elementor-widget-wrap elementor-element-populated\">\n\t\t\t\t\t<div class=\"elementor-background-overlay\"><\/div>\n\t\t\t\t\t\t\t\t<div class=\"elementor-element elementor-element-10ff324d elementor-widget elementor-widget-spacer\" data-id=\"10ff324d\" data-element_type=\"widget\" data-widget_type=\"spacer.default\">\n\t\t\t\t<div class=\"elementor-widget-container\">\n\t\t\t<style>\/*! elementor - v3.9.0 - 06-12-2022 *\/\n.elementor-column .elementor-spacer-inner{height:var(--spacer-size)}.e-con{--container-widget-width:100%}.e-con-inner>.elementor-widget-spacer,.e-con>.elementor-widget-spacer{width:var(--container-widget-width,var(--spacer-size));--align-self:var(--container-widget-align-self,initial);--flex-shrink:0}.e-con-inner>.elementor-widget-spacer>.elementor-widget-container,.e-con-inner>.elementor-widget-spacer>.elementor-widget-container>.elementor-spacer,.e-con>.elementor-widget-spacer>.elementor-widget-container,.e-con>.elementor-widget-spacer>.elementor-widget-container>.elementor-spacer{height:100%}.e-con-inner>.elementor-widget-spacer>.elementor-widget-container>.elementor-spacer>.elementor-spacer-inner,.e-con>.elementor-widget-spacer>.elementor-widget-container>.elementor-spacer>.elementor-spacer-inner{height:var(--container-widget-height,var(--spacer-size))}<\/style>\t\t<div class=\"elementor-spacer\">\n\t\t\t<div class=\"elementor-spacer-inner\"><\/div>\n\t\t<\/div>\n\t\t\t\t<\/div>\n\t\t\t\t<\/div>\n\t\t\t\t<div class=\"elementor-element elementor-element-63a8ff53 elementor-widget elementor-widget-heading\" data-id=\"63a8ff53\" data-element_type=\"widget\" data-widget_type=\"heading.default\">\n\t\t\t\t<div class=\"elementor-widget-container\">\n\t\t\t<style>\/*! elementor - v3.9.0 - 06-12-2022 *\/\n.elementor-heading-title{padding:0;margin:0;line-height:1}.elementor-widget-heading .elementor-heading-title[class*=elementor-size-]>a{color:inherit;font-size:inherit;line-height:inherit}.elementor-widget-heading .elementor-heading-title.elementor-size-small{font-size:15px}.elementor-widget-heading .elementor-heading-title.elementor-size-medium{font-size:19px}.elementor-widget-heading .elementor-heading-title.elementor-size-large{font-size:29px}.elementor-widget-heading .elementor-heading-title.elementor-size-xl{font-size:39px}.elementor-widget-heading .elementor-heading-title.elementor-size-xxl{font-size:59px}<\/style><h1 class=\"elementor-heading-title elementor-size-default\">Contact<\/h1>\t\t<\/div>\n\t\t\t\t<\/div>\n\t\t\t\t<div class=\"elementor-element elementor-element-7783ba47 elementor-widget elementor-widget-heading\" data-id=\"7783ba47\" data-element_type=\"widget\" data-widget_type=\"heading.default\">\n\t\t\t\t<div class=\"elementor-widget-container\">\n\t\t\t<h3 class=\"elementor-heading-title elementor-size-default\">Always in person.\n<\/h3>\t\t<\/div>\n\t\t\t\t<\/div>\n\t\t\t\t<div class=\"elementor-element elementor-element-789e3cf3 elementor-widget elementor-widget-text-editor\" data-id=\"789e3cf3\" data-element_type=\"widget\" data-widget_type=\"text-editor.default\">\n\t\t\t\t<div class=\"elementor-widget-container\">\n\t\t\t<style>\/*! elementor - v3.9.0 - 06-12-2022 *\/\n.elementor-widget-text-editor.elementor-drop-cap-view-stacked .elementor-drop-cap{background-color:#818a91;color:#fff}.elementor-widget-text-editor.elementor-drop-cap-view-framed .elementor-drop-cap{color:#818a91;border:3px solid;background-color:transparent}.elementor-widget-text-editor:not(.elementor-drop-cap-view-default) .elementor-drop-cap{margin-top:8px}.elementor-widget-text-editor:not(.elementor-drop-cap-view-default) .elementor-drop-cap-letter{width:1em;height:1em}.elementor-widget-text-editor .elementor-drop-cap{float:left;text-align:center;line-height:1;font-size:50px}.elementor-widget-text-editor .elementor-drop-cap-letter{display:inline-block}<\/style>\t\t\t\t<p>Do you have an inquiry? We are here for you. Write us a message or simply give us a call. We are happy to invite you to a personal meeting in our offices.<\/p>\t\t\t\t\t\t<\/div>\n\t\t\t\t<\/div>\n\t\t\t\t\t<\/div>\n\t\t<\/div>\n\t\t\t\t<div class=\"elementor-column elementor-col-50 elementor-inner-column elementor-element elementor-element-3cfac576\" data-id=\"3cfac576\" data-element_type=\"column\">\n\t\t\t<div class=\"elementor-widget-wrap\">\n\t\t\t\t\t\t\t\t\t<\/div>\n\t\t<\/div>\n\t\t\t\t\t\t\t<\/div>\n\t\t<\/section>\n\t\t\t\t\t<\/div>\n\t\t<\/div>\n\t\t\t\t\t\t\t<\/div>\n\t\t<\/section>\n\t\t\t\t<section class=\"elementor-section elementor-top-section elementor-element elementor-element-6b18731f elementor-section-boxed elementor-section-height-default elementor-section-height-default\" data-id=\"6b18731f\" data-element_type=\"section\">\n\t\t\t\t\t\t<div class=\"elementor-container elementor-column-gap-default\">\n\t\t\t\t\t<div class=\"elementor-column elementor-col-100 elementor-top-column elementor-element elementor-element-6dbc0fb8\" data-id=\"6dbc0fb8\" data-element_type=\"column\">\n\t\t\t<div class=\"elementor-widget-wrap elementor-element-populated\">\n\t\t\t\t\t\t\t\t<div class=\"elementor-element elementor-element-4950c1c2 elementor-widget elementor-widget-text-editor\" data-id=\"4950c1c2\" data-element_type=\"widget\" data-widget_type=\"text-editor.default\">\n\t\t\t\t<div class=\"elementor-widget-container\">\n\t\t\t\t\t\t\t<div class=\"ql-block\" data-block-id=\"block-2ad31d84-a560-45f6-af08-6b70dcc79810\">Fischbach Sports GmbH<\/div><div class=\"ql-block\" data-block-id=\"block-c3e4c951-ea39-4094-b7b1-f66db2272f85\">Widdersdorfer Str. 215<\/div><div class=\"ql-block\" data-block-id=\"block-8a86789b-7799-4880-b367-b8204e4f5567\">50825 K\u00f6ln<\/div>\t\t\t\t\t\t<\/div>\n\t\t\t\t<\/div>\n\t\t\t\t<div class=\"elementor-element elementor-element-40c57f2e elementor-widget-divider--view-line elementor-widget elementor-widget-divider\" data-id=\"40c57f2e\" data-element_type=\"widget\" data-widget_type=\"divider.default\">\n\t\t\t\t<div class=\"elementor-widget-container\">\n\t\t\t<style>\/*! elementor - v3.9.0 - 06-12-2022 *\/\n.elementor-widget-divider{--divider-border-style:none;--divider-border-width:1px;--divider-color:#2c2c2c;--divider-icon-size:20px;--divider-element-spacing:10px;--divider-pattern-height:24px;--divider-pattern-size:20px;--divider-pattern-url:none;--divider-pattern-repeat:repeat-x}.elementor-widget-divider .elementor-divider{display:flex}.elementor-widget-divider .elementor-divider__text{font-size:15px;line-height:1;max-width:95%}.elementor-widget-divider .elementor-divider__element{margin:0 var(--divider-element-spacing);flex-shrink:0}.elementor-widget-divider .elementor-icon{font-size:var(--divider-icon-size)}.elementor-widget-divider .elementor-divider-separator{display:flex;margin:0;direction:ltr}.elementor-widget-divider--view-line_icon .elementor-divider-separator,.elementor-widget-divider--view-line_text .elementor-divider-separator{align-items:center}.elementor-widget-divider--view-line_icon .elementor-divider-separator:after,.elementor-widget-divider--view-line_icon .elementor-divider-separator:before,.elementor-widget-divider--view-line_text .elementor-divider-separator:after,.elementor-widget-divider--view-line_text .elementor-divider-separator:before{display:block;content:\"\";border-bottom:0;flex-grow:1;border-top:var(--divider-border-width) var(--divider-border-style) var(--divider-color)}.elementor-widget-divider--element-align-left .elementor-divider .elementor-divider-separator>.elementor-divider__svg:first-of-type{flex-grow:0;flex-shrink:100}.elementor-widget-divider--element-align-left .elementor-divider-separator:before{content:none}.elementor-widget-divider--element-align-left .elementor-divider__element{margin-left:0}.elementor-widget-divider--element-align-right .elementor-divider .elementor-divider-separator>.elementor-divider__svg:last-of-type{flex-grow:0;flex-shrink:100}.elementor-widget-divider--element-align-right .elementor-divider-separator:after{content:none}.elementor-widget-divider--element-align-right .elementor-divider__element{margin-right:0}.elementor-widget-divider:not(.elementor-widget-divider--view-line_text):not(.elementor-widget-divider--view-line_icon) .elementor-divider-separator{border-top:var(--divider-border-width) var(--divider-border-style) var(--divider-color)}.elementor-widget-divider--separator-type-pattern{--divider-border-style:none}.elementor-widget-divider--separator-type-pattern.elementor-widget-divider--view-line .elementor-divider-separator,.elementor-widget-divider--separator-type-pattern:not(.elementor-widget-divider--view-line) .elementor-divider-separator:after,.elementor-widget-divider--separator-type-pattern:not(.elementor-widget-divider--view-line) .elementor-divider-separator:before,.elementor-widget-divider--separator-type-pattern:not([class*=elementor-widget-divider--view]) .elementor-divider-separator{width:100%;min-height:var(--divider-pattern-height);-webkit-mask-size:var(--divider-pattern-size) 100%;mask-size:var(--divider-pattern-size) 100%;-webkit-mask-repeat:var(--divider-pattern-repeat);mask-repeat:var(--divider-pattern-repeat);background-color:var(--divider-color);-webkit-mask-image:var(--divider-pattern-url);mask-image:var(--divider-pattern-url)}.elementor-widget-divider--no-spacing{--divider-pattern-size:auto}.elementor-widget-divider--bg-round{--divider-pattern-repeat:round}.rtl .elementor-widget-divider .elementor-divider__text{direction:rtl}.e-con-inner>.elementor-widget-divider,.e-con>.elementor-widget-divider{width:var(--container-widget-width);--flex-grow:var(--container-widget-flex-grow)}<\/style>\t\t<div class=\"elementor-divider\">\n\t\t\t<span class=\"elementor-divider-separator\">\n\t\t\t\t\t\t<\/span>\n\t\t<\/div>\n\t\t\t\t<\/div>\n\t\t\t\t<\/div>\n\t\t\t\t<section class=\"elementor-section elementor-inner-section elementor-element elementor-element-2717712c elementor-section-content-middle elementor-section-boxed elementor-section-height-default elementor-section-height-default\" data-id=\"2717712c\" data-element_type=\"section\">\n\t\t\t\t\t\t<div class=\"elementor-container elementor-column-gap-default\">\n\t\t\t\t\t<div class=\"elementor-column elementor-col-50 elementor-inner-column elementor-element elementor-element-1bb4da25\" data-id=\"1bb4da25\" data-element_type=\"column\">\n\t\t\t<div class=\"elementor-widget-wrap elementor-element-populated\">\n\t\t\t\t\t\t\t\t<div class=\"elementor-element elementor-element-2c3a0c75 elementor-widget__width-auto elementor-view-default elementor-widget elementor-widget-icon\" data-id=\"2c3a0c75\" data-element_type=\"widget\" data-widget_type=\"icon.default\">\n\t\t\t\t<div class=\"elementor-widget-container\">\n\t\t\t\t\t<div class=\"elementor-icon-wrapper\">\n\t\t\t<div class=\"elementor-icon\">\n\t\t\t<svg xmlns=\"http:\/\/www.w3.org\/2000\/svg\" viewbox=\"0 0 60 60\"><defs><style>.cls-1{fill:#34393b;}.cls-2{fill:#fff;stroke:#fff;}.cls-2,.cls-3{stroke-width:0.8px;}.cls-3{fill:#da171c;stroke:#da171c;}<\/style><\/defs><title>generalunternehmer-telefon-icon<\/title><g id=\"Ebene_2\" data-name=\"Ebene 2\"><g id=\"Ebene_2-2\" data-name=\"Ebene 2\"><g id=\"Gruppe_3425\" data-name=\"Gruppe 3425\"><g id=\"Gruppe_3356\" data-name=\"Gruppe 3356\"><rect id=\"Rechteck_509\" data-name=\"Rechteck 509\" class=\"cls-1\" width=\"60\" height=\"60\"><\/rect><\/g><g id=\"_131133\" data-name=\" 131133\"><g id=\"Gruppe_3357\" data-name=\"Gruppe 3357\"><path id=\"Pfad_5034\" data-name=\"Pfad 5034\" class=\"cls-2\" d=\"M40,46.59a14.42,14.42,0,0,1-4.94-1.05A37.14,37.14,0,0,1,22.59,37a37.14,37.14,0,0,1-8.54-12.47c-1.4-3.7-1.4-6.74,0-8.13l.62-.64c1.26-1.32,2.73-2.84,4.6-2.76,1.31.06,2.58.87,3.88,2.49,3.83,4.77,2.1,6.47.1,8.44l-.35.35c-.33.33-.95,1.85,4.81,7.6A31.51,31.51,0,0,0,32.47,36c.8.53,2.24,1.32,2.84.73l.35-.36c2-2,3.67-3.72,8.45.11,1.61,1.3,2.42,2.57,2.48,3.88.08,1.9-1.44,3.34-2.77,4.61l-.64.61A4.42,4.42,0,0,1,40,46.59ZM19.12,14.13c-1.35,0-2.57,1.28-3.64,2.42-.22.22-.43.45-.64.65-1,1-.93,3.76.27,6.93A35.84,35.84,0,0,0,23.39,36.2a35.9,35.9,0,0,0,12.06,8.28c3.18,1.2,5.9,1.3,6.94.27.2-.21.42-.42.65-.63,1.16-1.1,2.48-2.35,2.42-3.74,0-1-.73-2-2.06-3.05-4-3.2-5.09-2.06-6.93-.2l-.37.37c-.88.88-2.31.69-4.25-.58a32.73,32.73,0,0,1-5-4.23h0c-4.78-4.78-6.31-7.7-4.81-9.2l.36-.36c1.87-1.85,3-3-.2-6.94-1.06-1.33-2.09-2-3-2.06Z\"><\/path><\/g><g id=\"Gruppe_3358\" data-name=\"Gruppe 3358\"><path id=\"Pfad_5035\" data-name=\"Pfad 5035\" class=\"cls-3\" d=\"M40.19,26.88a.56.56,0,0,1-.56-.56.65.65,0,0,1,0-.21A4.76,4.76,0,0,0,33.31,20a.56.56,0,0,1-.46-1h0a5.87,5.87,0,0,1,7.87,7.56A.58.58,0,0,1,40.19,26.88Z\"><\/path><path id=\"Pfad_5036\" data-name=\"Pfad 5036\" class=\"cls-3\" d=\"M45.24,28.93a.58.58,0,0,1-.57-.57.54.54,0,0,1,0-.21A10.2,10.2,0,0,0,31.07,15a.56.56,0,1,1-.46-1A11.32,11.32,0,0,1,45.76,28.58.56.56,0,0,1,45.24,28.93Z\"><\/path><\/g><\/g><\/g><\/g><\/g><\/svg>\t\t\t<\/div>\n\t\t<\/div>\n\t\t\t\t<\/div>\n\t\t\t\t<\/div>\n\t\t\t\t<div class=\"elementor-element elementor-element-1621c329 elementor-widget__width-auto elementor-widget elementor-widget-heading\" data-id=\"1621c329\" data-element_type=\"widget\" data-widget_type=\"heading.default\">\n\t\t\t\t<div class=\"elementor-widget-container\">\n\t\t\t<h2 class=\"elementor-heading-title elementor-size-default\">0221 \/ 502 832 30<\/h2>\t\t<\/div>\n\t\t\t\t<\/div>\n\t\t\t\t\t<\/div>\n\t\t<\/div>\n\t\t\t\t<div class=\"elementor-column elementor-col-50 elementor-inner-column elementor-element elementor-element-1d26bdec\" data-id=\"1d26bdec\" data-element_type=\"column\">\n\t\t\t<div class=\"elementor-widget-wrap elementor-element-populated\">\n\t\t\t\t\t\t\t\t<div class=\"elementor-element elementor-element-1af70676 elementor-widget__width-auto elementor-view-default elementor-widget elementor-widget-icon\" data-id=\"1af70676\" data-element_type=\"widget\" data-widget_type=\"icon.default\">\n\t\t\t\t<div class=\"elementor-widget-container\">\n\t\t\t\t\t<div class=\"elementor-icon-wrapper\">\n\t\t\t<div class=\"elementor-icon\">\n\t\t\t<svg xmlns=\"http:\/\/www.w3.org\/2000\/svg\" viewbox=\"0 0 60 60\"><defs><style>.cls-1{fill:#34393b;}.cls-2{fill:#fff;}.cls-3{fill:#da181d;}<\/style><\/defs><title>generalunternehmer-email-icon<\/title><g id=\"Ebene_2\" data-name=\"Ebene 2\"><g id=\"Ebene_2-2\" data-name=\"Ebene 2\"><g id=\"Gruppe_3638\" data-name=\"Gruppe 3638\"><rect id=\"Rechteck_508\" data-name=\"Rechteck 508\" class=\"cls-1\" width=\"60\" height=\"60\"><\/rect><g id=\"_263140\" data-name=\" 263140\"><g id=\"Gruppe_3348\" data-name=\"Gruppe 3348\"><g id=\"Gruppe_3347\" data-name=\"Gruppe 3347\"><path id=\"Pfad_5029\" data-name=\"Pfad 5029\" class=\"cls-2\" d=\"M47.59,26.23a.57.57,0,0,0,0-.18.94.94,0,0,0-.36-.51L42,22V18.09a.93.93,0,0,0-.93-.92H35.16L30.1,13.65a.92.92,0,0,0-1.05,0L24,17.17H18a.93.93,0,0,0-.92.93v3.8l-5.19,3.59a.91.91,0,0,0-.4.75h0l0,20a.93.93,0,0,0,.92.93h0l34.23,0a.92.92,0,0,0,.92-.92ZM42,24.2,45,26.25,42,28.3ZM29.57,15.54l2.35,1.63H27.21ZM19,19H40.18V29.59l-7.13,4.95-2.9-2.25h0a.92.92,0,0,0-1.12,0l-2.93,2.27L19,29.63Zm-1.85,5.13v4.2l-3-2.1ZM13.37,28l11.19,7.73L13.39,44.41Zm1.81,17.35,14.4-11.18L43.94,45.33Zm19.4-9.64L45.74,28l0,16.44Z\"><\/path><\/g><\/g><g id=\"Gruppe_3350\" data-name=\"Gruppe 3350\"><g id=\"Gruppe_3349\" data-name=\"Gruppe 3349\"><path id=\"Pfad_5030\" data-name=\"Pfad 5030\" class=\"cls-3\" d=\"M35.83,22.72H23.31a.91.91,0,0,0-.95.89.93.93,0,0,0,.89,1H35.83a.93.93,0,0,0,.89-1A.91.91,0,0,0,35.83,22.72Z\"><\/path><\/g><\/g><g id=\"Gruppe_3352\" data-name=\"Gruppe 3352\"><g id=\"Gruppe_3351\" data-name=\"Gruppe 3351\"><path id=\"Pfad_5031\" data-name=\"Pfad 5031\" class=\"cls-3\" d=\"M35.83,27.53H23.31a.93.93,0,0,0,0,1.85H35.83a.93.93,0,0,0,0-1.85Z\"><\/path><\/g><\/g><\/g><\/g><\/g><\/g><\/svg>\t\t\t<\/div>\n\t\t<\/div>\n\t\t\t\t<\/div>\n\t\t\t\t<\/div>\n\t\t\t\t<div class=\"elementor-element elementor-element-58d2134 elementor-widget__width-auto elementor-widget elementor-widget-heading\" data-id=\"58d2134\" data-element_type=\"widget\" data-widget_type=\"heading.default\">\n\t\t\t\t<div class=\"elementor-widget-container\">\n\t\t\t<h2 class=\"elementor-heading-title elementor-size-default\"><a href=\"mailto:info@fischbach-sports.de\">info@fischbach-sports.de<\/a><\/h2>\t\t<\/div>\n\t\t\t\t<\/div>\n\t\t\t\t\t<\/div>\n\t\t<\/div>\n\t\t\t\t\t\t\t<\/div>\n\t\t<\/section>\n\t\t\t\t\t<\/div>\n\t\t<\/div>\n\t\t\t\t\t\t\t<\/div>\n\t\t<\/section>\n\t\t\t\t<section class=\"elementor-section elementor-top-section elementor-element elementor-element-6f145f5e elementor-section-boxed elementor-section-height-default elementor-section-height-default\" data-id=\"6f145f5e\" data-element_type=\"section\" data-settings=\"{&quot;background_background&quot;:&quot;classic&quot;}\">\n\t\t\t\t\t\t<div class=\"elementor-container elementor-column-gap-default\">\n\t\t\t\t\t<div class=\"elementor-column elementor-col-100 elementor-top-column elementor-element elementor-element-10cbeb72\" data-id=\"10cbeb72\" data-element_type=\"column\">\n\t\t\t<div class=\"elementor-widget-wrap elementor-element-populated\">\n\t\t\t\t\t\t\t\t<div class=\"elementor-element elementor-element-2d6a5c6b elementor-widget elementor-widget-heading\" data-id=\"2d6a5c6b\" data-element_type=\"widget\" data-widget_type=\"heading.default\">\n\t\t\t\t<div class=\"elementor-widget-container\">\n\t\t\t<h2 class=\"elementor-heading-title elementor-size-default\">Contact us now<\/h2>\t\t<\/div>\n\t\t\t\t<\/div>\n\t\t\t\t<div class=\"elementor-element elementor-element-469c03db elementor-widget-divider--view-line elementor-widget elementor-widget-divider\" data-id=\"469c03db\" data-element_type=\"widget\" data-widget_type=\"divider.default\">\n\t\t\t\t<div class=\"elementor-widget-container\">\n\t\t\t\t\t<div class=\"elementor-divider\">\n\t\t\t<span class=\"elementor-divider-separator\">\n\t\t\t\t\t\t<\/span>\n\t\t<\/div>\n\t\t\t\t<\/div>\n\t\t\t\t<\/div>\n\t\t\t\t<div class=\"elementor-element elementor-element-3e285115 elementor-widget elementor-widget-text-editor\" data-id=\"3e285115\" data-element_type=\"widget\" data-widget_type=\"text-editor.default\">\n\t\t\t\t<div class=\"elementor-widget-container\">\n\t\t\t\t\t\t\t<div class=\"et_pb_module et_pb_text et_pb_text_17 h-kursiv p-regular  et_pb_text_align_center et_pb_bg_layout_light\"><div class=\"et_pb_text_inner\"><p>You have further questions about us or we have aroused your interest? We look forward to receiving your enquiry.<\/p><\/div><\/div>\t\t\t\t\t\t<\/div>\n\t\t\t\t<\/div>\n\t\t\t\t<div class=\"elementor-element elementor-element-217833a1 cta-accordion elementor-widget elementor-widget-tp-accordion\" data-id=\"217833a1\" data-element_type=\"widget\" data-no-translation=\"\" data-widget_type=\"tp-accordion.default\">\n\t\t\t\t<div class=\"elementor-widget-container\">\n\t\t\t<style>.elementor-element-217833a1{display:none !important}<\/style>\t\t<\/div>\n\t\t\t\t<\/div>\n\t\t\t\t<div class=\"elementor-element elementor-element-fa5fbf5 cta-accordion elementor-widget elementor-widget-tp-accordion\" data-id=\"fa5fbf5\" data-element_type=\"widget\" data-no-translation=\"\" data-widget_type=\"tp-accordion.default\">\n\t\t\t\t<div class=\"elementor-widget-container\">\n\t\t\t\t\t<div class=\"theplus-accordion-wrapper elementor-accordion\" id=\"accordion69e4487871e4b\" data-accordion-id=\"accordion69e4487871e4b\" data-connection=\"\" data-accordion-type=\"accordion\"    role=\"tablist\" > \n\t\t\n\t\t\t\t\t\t<div class=\"theplus-accordion-item\" >\n\t\t\t\t\t<div id=\"elementor-tab-title-2621\" class=\"elementor-tab-title plus-accordion-header 0 text-center\" tabindex=\"2621\" data-tab=\"1\" role=\"tab\" aria-controls=\"elementor-tab-content-2621\">\n\t\t\t\t\t\t\t\t\t\t\t\t\t\t\t\t\t\t\t\t\t\t\t\t\n\t\t\t\t\t\t <span style=\"width:100%\">Contact now<\/span>\t\t\t\t\t\t\t\t\t\t\t<\/div>\n\t\t\t\t\t\n\t\t\t\t\t\t\t\t\t\t\t<div id=\"elementor-tab-content-2621\" class=\"elementor-tab-content elementor-clearfix plus-accordion-content 0\" data-tab=\"1\" role=\"tabpanel\" aria-labelledby=\"elementor-tab-title-2621\">\n\t\t\t\t\t\t\t<div class=\"plus-content-editor\" >\t\t<div data-elementor-type=\"section\" data-elementor-id=\"33\" class=\"elementor elementor-33\">\n\t\t\t\t\t\t\t\t<section class=\"elementor-section elementor-top-section elementor-element elementor-element-7de73d3 elementor-section-boxed elementor-section-height-default elementor-section-height-default\" data-id=\"7de73d3\" data-element_type=\"section\" data-no-translation=\"\">\n\t\t\t\t\t\t<div class=\"elementor-container elementor-column-gap-default\">\n\t\t\t\t\t<div class=\"elementor-column elementor-col-100 elementor-top-column elementor-element elementor-element-af473af\" data-id=\"af473af\" data-element_type=\"column\">\n\t\t\t<div class=\"elementor-widget-wrap elementor-element-populated\">\n\t\t\t\t\t\t\t\t<div class=\"elementor-element elementor-element-972f348 elementor-widget elementor-widget-html\" data-id=\"972f348\" data-element_type=\"widget\" data-widget_type=\"html.default\">\n\t\t\t\t<div class=\"elementor-widget-container\">\n\t\t\t<script charset=\"utf-8\" type=\"text\/javascript\" src=\"\/\/js.hsforms.net\/forms\/embed\/v2.js\"><\/script>\n<script>\n  hbspt.forms.create({\n    region: \"na1\",\n    portalId: \"20296448\",\n    formId: \"cb1c5c7e-a668-4c82-959f-aca6778eb2c5\"\n  });\n<\/script>\t\t<\/div>\n\t\t\t\t<\/div>\n\t\t\t\t\t<\/div>\n\t\t<\/div>\n\t\t\t\t\t\t\t<\/div>\n\t\t<\/section>\n\t\t\t\t\t\t<\/div>\n\t\t<\/div>\t\t\t\t\t\t\t\t\t\t\t\t\t\n\t\t\t\t\t\t<\/div> \n\t\t\t\t\t\t\t\t\t\t\n\t\t\t\t<\/div>\n\t\t\t\t\t\t<\/div> \t\t<\/div>\n\t\t\t\t<\/div>\n\t\t\t\t\t<\/div>\n\t\t<\/div>\n\t\t\t\t\t\t\t<\/div>\n\t\t<\/section>\n\t\t\t\t\t\t\t<\/div>","protected":false},"excerpt":{"rendered":"<p>Kontakt Immer pers\u00f6nlich. Sie haben ein Anliegen? Wir sind f\u00fcr Sie da. Schreiben Sie uns eine Nach\u00adricht oder rufen uns einfach an. Gerne laden wir Sie auch zu einem pers\u00f6nlichen Gespr\u00e4chs\u00adtermin in unsere B\u00fcror\u00e4ume ein. Fischbach Sports GmbHWiddersdorfer Str. 21550825 K\u00f6ln generalunternehmer-telefon-icon 0221 \/ 502 832 30 generalunternehmer-email-icon info@fischbach-sports.de Jetzt Kontakt aufnehmen Sie haben weitere [&hellip;]<\/p>","protected":false},"author":3,"featured_media":0,"parent":0,"menu_order":0,"comment_status":"closed","ping_status":"closed","template":"","meta":{"inline_featured_image":false,"footnotes":""},"class_list":["post-148","page","type-page","status-publish","hentry"],"acf":[],"_links":{"self":[{"href":"https:\/\/fischbach-sports.de\/en\/wp-json\/wp\/v2\/pages\/148","targetHints":{"allow":["GET"]}}],"collection":[{"href":"https:\/\/fischbach-sports.de\/en\/wp-json\/wp\/v2\/pages"}],"about":[{"href":"https:\/\/fischbach-sports.de\/en\/wp-json\/wp\/v2\/types\/page"}],"author":[{"embeddable":true,"href":"https:\/\/fischbach-sports.de\/en\/wp-json\/wp\/v2\/users\/3"}],"replies":[{"embeddable":true,"href":"https:\/\/fischbach-sports.de\/en\/wp-json\/wp\/v2\/comments?post=148"}],"version-history":[{"count":36,"href":"https:\/\/fischbach-sports.de\/en\/wp-json\/wp\/v2\/pages\/148\/revisions"}],"predecessor-version":[{"id":713,"href":"https:\/\/fischbach-sports.de\/en\/wp-json\/wp\/v2\/pages\/148\/revisions\/713"}],"wp:attachment":[{"href":"https:\/\/fischbach-sports.de\/en\/wp-json\/wp\/v2\/media?parent=148"}],"curies":[{"name":"wp","href":"https:\/\/api.w.org\/{rel}","templated":true}]}}